{"id":138,"date":"2017-10-15T06:53:42","date_gmt":"2017-10-15T06:53:42","guid":{"rendered":"http:\/\/dtone.de\/?page_id=138"},"modified":"2019-04-15T15:45:16","modified_gmt":"2019-04-15T15:45:16","slug":"diaoffensive","status":"publish","type":"page","link":"https:\/\/dtone.de\/?page_id=138","title":{"rendered":"#diaoffensive"},"content":{"rendered":"<h1>#diaoffensive &#8211; prevent &amp; live with T2D &amp; T1D!<\/h1>\n<h2>Die Idee &#8211; Entstehung:<\/h2>\n<p>Es liegt in der Natur der Sache, dass man sich mit dem besch\u00e4ftigt, was da so pl\u00f6tzlich in Dein Leben getreten ist.<\/p>\n<p>Das letzte und z\u00fcndende Element war mit Sicherheit der erste ICT Schulungstag. Kurz ausgeholt:<\/p>\n<p>Ich sa\u00df inmitten von &#8222;Frischlingen&#8220; &#8211; als einziger Typ-1er. Wie bei jeder Veranstaltung gibt es diese Vorstellungsrunden (ihr kennt das: Wer bin ich, wenn ja: wie viele und so Dinge).<\/p>\n<p>Beim Thema wie das jeder Einzelne wahr- bzw. aufgenommen hat hat mich (ACHTUNG) das Gef\u00fchl des Gl\u00fccks &#8211; ja, des Gl\u00fccks &#8211; heimgesucht. Meinen Zustand habe ich beschrieben als: &#8222;Ich finde das cool&#8220;.<\/p>\n<p>Aus welchem Grund ich das als &#8222;cool&#8220; empfunden habe kann ich nicht mehr zuordnen. Es ist auch nicht wichtig ! F\u00fcr mich war es der &#8222;Turbo&#8220;, Dinge zu beschleunigen, die ich ohnehin vorhatte und viel zu lange vor mir hergeschoben hatte.<\/p>\n<p>Das Resultat nach k\u00fcrzester Zeit (1 Woche):<\/p>\n<ul>\n<li>mein Mindset war komplet umgepolt<\/li>\n<li>Werte waren gesch\u00e4rft<\/li>\n<li>Ziele wie aus dem Nichts formuliert&#8230;&#8230;<\/li>\n<\/ul>\n<p>Je intensiver ich mich mit dem Thema #dt1, #td1, #dtone (Diabetes Typ-1) und auch Diabetes Typ-2 auseinandergesetzt habe &#8211; viele nette Menschen online und im &#8222;Real-Life&#8220; angesprochen und auch kennengelernt habe hat, ha sich daraus das Projekt&nbsp; <em>#diaoffensive<\/em> entwickelt.<\/p>\n<p><em>#diaoffensive<\/em> &#8211; &#8222;nimm die Dinge wie sie sind, nimm sie in die Hand und mach das draus, was andere in normalem Zustand nicht hinkriegen !&#8220;<\/p>\n<h2>The Mission &#8211; das Ziel<\/h2>\n<p>Ich m\u00f6chte Menschen unterst\u00fctzen, ihnen helfen damit umzugehen und ihre Ziele zu erreichen !<\/p>\n<p>Ich m\u00f6chte sensibilisieren und helfen, dass insbesondere die Form Diabetes Typ-2 (die sich mitlerweile zur Volkskrankheit zu entwickeln scheint) ihren &#8222;Siegeszug&#8220; nicht weiter fortsetzt (Heere Ziele &#8211; I know).<\/p>\n<p>Ich m\u00f6chte eine Plattform schaffen, Menschen mit Diabetes &#8211; unabh\u00e4ngig ob Typ-1, Typ-2 oder auch ohne Diabetes zusammenzubringen und zu partizipieren.<\/p>\n<h2>Der Weg &#8211; das Projekt<\/h2>\n<p>#diaoffensive ist mein &#8222;3+n S\u00e4ulen Projekt&#8220; &#8211; bedeutet:<\/p>\n<h3>Seminare &amp; Vortr\u00e4ge f\u00fcr Neudiabetiker &#8211; T1 &amp; T2<\/h3>\n<p>In der Regel finden diese Veranstaltungen beiden ersten Sitzungen der ICT Thearpie statt &#8211; als einleitende Ma\u00dfnahme. Ziel ist, die Menschen abzuholen. Und wer oder was kann das besser als jemand, der denselben Weg gegangen ist ?<\/p>\n<p>Zentrale Fragen &amp; m\u00f6gliche Antworten dazu:<\/p>\n<p>Wie gehst Du damit um ? Was hast Du f\u00fcr M\u00f6glichkeiten ? Wie meisterst Du das, was vor Dir liegt ? Was ist Dein Mindset &#8211; wie kannst Du es \u00e4ndern, anpassen ? Welche Unterst\u00fctzung hast Du &#8211; oder ben\u00f6tigst Du \u00fcberhaupt welche ?<\/p>\n<p>Diese und weitere Fragen &#8211; ja, es gibt Antworten darauf.<\/p>\n<h3>Pr\u00e4ventions- und Informationsveranstaltungen<\/h3>\n<p>Pr\u00e4vention betrifft zum Einen das Thema Diabetes Typ-2, also Insulinresistenz, der sich ja mitlerweile bereits zur Volkskrankheit entwickelt. Dabei liegt der Fokus dabei den J\u00fcngsten in Schulen, bei Projektwochen, bei Veranstaltungen das Thema n\u00e4cher zu bringen. Und deren Eltern selbstverst\u00e4ndlich ebenso.<\/p>\n<p>Zum Anderen: Folgesch\u00e4den &#8211; was kann ich tun um diese zu vermeiden, zu verlangsamen ?<\/p>\n<p>Und vieles mehr &#8211; dabei Technik, Anwendung derselben, Interpretation und Besonderheiten.<\/p>\n<h3>Trainings &#8211; von Diabetikern f\u00fcr Diabetiker &#8211; von der Praxis zur Praxis<\/h3>\n<p>Diabetes ist wie Mathematik &#8211; Du lernst es nur durch \u00fcben. \u00dcben heisst, Tun, Machen !<\/p>\n<p>Ob im Einzel- bzw. Individualcoaching oder in der Gruppe &#8211; in Workshops mit der Erfahrung von gleichen kommst Du Deinem Ziel einfach n\u00e4her. Partizipiere und lass partizipieren.<\/p>\n<p>Abschlie\u00dfend: Jede Menge Veranstaltungen, von Aktivit\u00e4ten wie Sport, Wanderungen, Ausfl\u00fcgen &#8211; mit und ohne Kids.<\/p>\n<h3>Die &#8222;x-te&#8220; S\u00e4ule<\/h3>\n<p>Es steht ausser Frage &#8211; in der modernen Welt konkurrieren so einige Themen, die unsere Gesundheit, den Lifestyle und die Arbeit pr\u00e4gen miteinander.<\/p>\n<p>Allen gemein &#8211; Ern\u00e4hrung (E)! Bewegung(B)! Lebensweise(L)! Egal ob Du bereits an T2 erkrankt bist oder noch nicht &#8211; Fakt ist, dass EBL Deinen weiteren Lebensverlauf und die Lebensqualit\u00e4t beeinflu\u00dft.<\/p>\n<p>Die x-te S\u00e4ule steht f\u00fcr:<\/p>\n<ul>\n<li>Bewusstsein<\/li>\n<li>Aufkl\u00e4rung<\/li>\n<li>Motivation<\/li>\n<li>Nachhaltigkeit<\/li>\n<li>Steigende Lebensfreude<\/li>\n<li>Steigerung der Leistungsf\u00e4higkeit bei gleichzeitiger Steigerung der Freizeit!<\/li>\n<\/ul>\n<p>Ich freu mich drauf !<\/p>\n<p><strong><a href=\"https:\/\/www.diaoffensive.de\">Du willst dabei sein? Hier geht&#8217;s lang! <\/a> <\/strong><\/p>\n<p><a href=\"https:\/\/www.diaoffensive.de\" target=\"_blank\" rel=\"noopener noreferrer\"><img loading=\"lazy\" decoding=\"async\" class=\"aligncenter wp-image-282 size-medium\" src=\"https:\/\/dtone.de\/wp-content\/uploads\/2019\/04\/Logo_Diaoffensive_03a-300x170.png\" alt=\"\" width=\"300\" height=\"170\" srcset=\"https:\/\/dtone.de\/wp-content\/uploads\/2019\/04\/Logo_Diaoffensive_03a-300x170.png 300w, https:\/\/dtone.de\/wp-content\/uploads\/2019\/04\/Logo_Diaoffensive_03a.png 497w\" sizes=\"auto, (max-width: 300px) 100vw, 300px\" \/><\/a><\/p>\n<div class=\"shariff shariff-align-flex-start shariff-widget-align-flex-start\"><ul class=\"shariff-buttons theme-default orientation-horizontal buttonsize-medium\"><li class=\"shariff-button facebook shariff-nocustomcolor\" style=\"background-color:#4273c8\"><a href=\"https:\/\/www.facebook.com\/sharer\/sharer.php?u=https%3A%2F%2Fdtone.de%2F%3Fpage_id%3D138\" title=\"Bei Facebook teilen\" aria-label=\"Bei Facebook teilen\" role=\"button\" rel=\"nofollow\" class=\"shariff-link\" style=\"; background-color:#3b5998; color:#fff\" target=\"_blank\"><span class=\"shariff-icon\" style=\"\"><svg width=\"32px\" height=\"20px\" xmlns=\"http:\/\/www.w3.org\/2000\/svg\" viewBox=\"0 0 18 32\"><path fill=\"#3b5998\" d=\"M17.1 0.2v4.7h-2.8q-1.5 0-2.1 0.6t-0.5 1.9v3.4h5.2l-0.7 5.3h-4.5v13.6h-5.5v-13.6h-4.5v-5.3h4.5v-3.9q0-3.3 1.9-5.2t5-1.8q2.6 0 4.1 0.2z\"\/><\/svg><\/span><span class=\"shariff-text\">teilen<\/span>&nbsp;<\/a><\/li><\/ul><\/div>","protected":false},"excerpt":{"rendered":"<p>#diaoffensive &#8211; prevent &amp; live with T2D &amp; T1D! Die Idee &#8211; Entstehung: Es liegt in der Natur der Sache, dass man sich mit dem &hellip;<\/p>\n","protected":false},"author":2,"featured_media":0,"parent":68,"menu_order":0,"comment_status":"closed","ping_status":"closed","template":"","meta":{"iawp_total_views":0,"footnotes":""},"class_list":["post-138","page","type-page","status-publish","hentry"],"yoast_head":"<!-- This site is optimized with the Yoast SEO plugin v27.3 - https:\/\/yoast.com\/product\/yoast-seo-wordpress\/ -->\n<title>#diaoffensive - DT-ONE - liveyourlife!<\/title>\n<meta name=\"robots\" content=\"index, follow, max-snippet:-1, max-image-preview:large, max-video-preview:-1\" \/>\n<link rel=\"canonical\" href=\"https:\/\/dtone.de\/?page_id=138\" \/>\n<meta property=\"og:locale\" content=\"de_DE\" \/>\n<meta property=\"og:type\" content=\"article\" \/>\n<meta property=\"og:title\" content=\"#diaoffensive - DT-ONE - liveyourlife!\" \/>\n<meta property=\"og:description\" content=\"#diaoffensive &#8211; prevent &amp; live with T2D &amp; T1D! Die Idee &#8211; Entstehung: Es liegt in der Natur der Sache, dass man sich mit dem &hellip;\" \/>\n<meta property=\"og:url\" content=\"https:\/\/dtone.de\/?page_id=138\" \/>\n<meta property=\"og:site_name\" content=\"DT-ONE - liveyourlife!\" \/>\n<meta property=\"article:modified_time\" content=\"2019-04-15T15:45:16+00:00\" \/>\n<meta property=\"og:image\" content=\"https:\/\/dtone.de\/wp-content\/uploads\/2019\/04\/Logo_Diaoffensive_03a.png\" \/>\n\t<meta property=\"og:image:width\" content=\"497\" \/>\n\t<meta property=\"og:image:height\" content=\"281\" \/>\n\t<meta property=\"og:image:type\" content=\"image\/png\" \/>\n<meta name=\"twitter:card\" content=\"summary_large_image\" \/>\n<meta name=\"twitter:label1\" content=\"Gesch\u00e4tzte Lesezeit\" \/>\n\t<meta name=\"twitter:data1\" content=\"3\u00a0Minuten\" \/>\n<script type=\"application\/ld+json\" class=\"yoast-schema-graph\">{\"@context\":\"https:\\\/\\\/schema.org\",\"@graph\":[{\"@type\":\"WebPage\",\"@id\":\"https:\\\/\\\/dtone.de\\\/?page_id=138\",\"url\":\"https:\\\/\\\/dtone.de\\\/?page_id=138\",\"name\":\"#diaoffensive - DT-ONE - liveyourlife!\",\"isPartOf\":{\"@id\":\"https:\\\/\\\/dtone.de\\\/#website\"},\"primaryImageOfPage\":{\"@id\":\"https:\\\/\\\/dtone.de\\\/?page_id=138#primaryimage\"},\"image\":{\"@id\":\"https:\\\/\\\/dtone.de\\\/?page_id=138#primaryimage\"},\"thumbnailUrl\":\"https:\\\/\\\/dtone.de\\\/wp-content\\\/uploads\\\/2019\\\/04\\\/Logo_Diaoffensive_03a-300x170.png\",\"datePublished\":\"2017-10-15T06:53:42+00:00\",\"dateModified\":\"2019-04-15T15:45:16+00:00\",\"breadcrumb\":{\"@id\":\"https:\\\/\\\/dtone.de\\\/?page_id=138#breadcrumb\"},\"inLanguage\":\"de\",\"potentialAction\":[{\"@type\":\"ReadAction\",\"target\":[\"https:\\\/\\\/dtone.de\\\/?page_id=138\"]}]},{\"@type\":\"ImageObject\",\"inLanguage\":\"de\",\"@id\":\"https:\\\/\\\/dtone.de\\\/?page_id=138#primaryimage\",\"url\":\"https:\\\/\\\/dtone.de\\\/wp-content\\\/uploads\\\/2019\\\/04\\\/Logo_Diaoffensive_03a.png\",\"contentUrl\":\"https:\\\/\\\/dtone.de\\\/wp-content\\\/uploads\\\/2019\\\/04\\\/Logo_Diaoffensive_03a.png\",\"width\":497,\"height\":281},{\"@type\":\"BreadcrumbList\",\"@id\":\"https:\\\/\\\/dtone.de\\\/?page_id=138#breadcrumb\",\"itemListElement\":[{\"@type\":\"ListItem\",\"position\":1,\"name\":\"Start\",\"item\":\"https:\\\/\\\/dtone.de\\\/\"},{\"@type\":\"ListItem\",\"position\":2,\"name\":\"Projekte\",\"item\":\"https:\\\/\\\/dtone.de\\\/?page_id=68\"},{\"@type\":\"ListItem\",\"position\":3,\"name\":\"#diaoffensive\"}]},{\"@type\":\"WebSite\",\"@id\":\"https:\\\/\\\/dtone.de\\\/#website\",\"url\":\"https:\\\/\\\/dtone.de\\\/\",\"name\":\"DT-ONE - liveyourlife!\",\"description\":\"Life is what it is - it is: YOUR life !\",\"potentialAction\":[{\"@type\":\"SearchAction\",\"target\":{\"@type\":\"EntryPoint\",\"urlTemplate\":\"https:\\\/\\\/dtone.de\\\/?s={search_term_string}\"},\"query-input\":{\"@type\":\"PropertyValueSpecification\",\"valueRequired\":true,\"valueName\":\"search_term_string\"}}],\"inLanguage\":\"de\"}]}<\/script>\n<!-- \/ Yoast SEO plugin. -->","yoast_head_json":{"title":"#diaoffensive - DT-ONE - liveyourlife!","robots":{"index":"index","follow":"follow","max-snippet":"max-snippet:-1","max-image-preview":"max-image-preview:large","max-video-preview":"max-video-preview:-1"},"canonical":"https:\/\/dtone.de\/?page_id=138","og_locale":"de_DE","og_type":"article","og_title":"#diaoffensive - DT-ONE - liveyourlife!","og_description":"#diaoffensive &#8211; prevent &amp; live with T2D &amp; T1D! Die Idee &#8211; Entstehung: Es liegt in der Natur der Sache, dass man sich mit dem &hellip;","og_url":"https:\/\/dtone.de\/?page_id=138","og_site_name":"DT-ONE - liveyourlife!","article_modified_time":"2019-04-15T15:45:16+00:00","og_image":[{"width":497,"height":281,"url":"https:\/\/dtone.de\/wp-content\/uploads\/2019\/04\/Logo_Diaoffensive_03a.png","type":"image\/png"}],"twitter_card":"summary_large_image","twitter_misc":{"Gesch\u00e4tzte Lesezeit":"3\u00a0Minuten"},"schema":{"@context":"https:\/\/schema.org","@graph":[{"@type":"WebPage","@id":"https:\/\/dtone.de\/?page_id=138","url":"https:\/\/dtone.de\/?page_id=138","name":"#diaoffensive - DT-ONE - liveyourlife!","isPartOf":{"@id":"https:\/\/dtone.de\/#website"},"primaryImageOfPage":{"@id":"https:\/\/dtone.de\/?page_id=138#primaryimage"},"image":{"@id":"https:\/\/dtone.de\/?page_id=138#primaryimage"},"thumbnailUrl":"https:\/\/dtone.de\/wp-content\/uploads\/2019\/04\/Logo_Diaoffensive_03a-300x170.png","datePublished":"2017-10-15T06:53:42+00:00","dateModified":"2019-04-15T15:45:16+00:00","breadcrumb":{"@id":"https:\/\/dtone.de\/?page_id=138#breadcrumb"},"inLanguage":"de","potentialAction":[{"@type":"ReadAction","target":["https:\/\/dtone.de\/?page_id=138"]}]},{"@type":"ImageObject","inLanguage":"de","@id":"https:\/\/dtone.de\/?page_id=138#primaryimage","url":"https:\/\/dtone.de\/wp-content\/uploads\/2019\/04\/Logo_Diaoffensive_03a.png","contentUrl":"https:\/\/dtone.de\/wp-content\/uploads\/2019\/04\/Logo_Diaoffensive_03a.png","width":497,"height":281},{"@type":"BreadcrumbList","@id":"https:\/\/dtone.de\/?page_id=138#breadcrumb","itemListElement":[{"@type":"ListItem","position":1,"name":"Start","item":"https:\/\/dtone.de\/"},{"@type":"ListItem","position":2,"name":"Projekte","item":"https:\/\/dtone.de\/?page_id=68"},{"@type":"ListItem","position":3,"name":"#diaoffensive"}]},{"@type":"WebSite","@id":"https:\/\/dtone.de\/#website","url":"https:\/\/dtone.de\/","name":"DT-ONE - liveyourlife!","description":"Life is what it is - it is: YOUR life !","potentialAction":[{"@type":"SearchAction","target":{"@type":"EntryPoint","urlTemplate":"https:\/\/dtone.de\/?s={search_term_string}"},"query-input":{"@type":"PropertyValueSpecification","valueRequired":true,"valueName":"search_term_string"}}],"inLanguage":"de"}]}},"_links":{"self":[{"href":"https:\/\/dtone.de\/index.php?rest_route=\/wp\/v2\/pages\/138","targetHints":{"allow":["GET"]}}],"collection":[{"href":"https:\/\/dtone.de\/index.php?rest_route=\/wp\/v2\/pages"}],"about":[{"href":"https:\/\/dtone.de\/index.php?rest_route=\/wp\/v2\/types\/page"}],"author":[{"embeddable":true,"href":"https:\/\/dtone.de\/index.php?rest_route=\/wp\/v2\/users\/2"}],"replies":[{"embeddable":true,"href":"https:\/\/dtone.de\/index.php?rest_route=%2Fwp%2Fv2%2Fcomments&post=138"}],"version-history":[{"count":11,"href":"https:\/\/dtone.de\/index.php?rest_route=\/wp\/v2\/pages\/138\/revisions"}],"predecessor-version":[{"id":284,"href":"https:\/\/dtone.de\/index.php?rest_route=\/wp\/v2\/pages\/138\/revisions\/284"}],"up":[{"embeddable":true,"href":"https:\/\/dtone.de\/index.php?rest_route=\/wp\/v2\/pages\/68"}],"wp:attachment":[{"href":"https:\/\/dtone.de\/index.php?rest_route=%2Fwp%2Fv2%2Fmedia&parent=138"}],"curies":[{"name":"wp","href":"https:\/\/api.w.org\/{rel}","templated":true}]}}