{"id":32,"date":"2017-04-22T05:32:23","date_gmt":"2017-04-22T05:32:23","guid":{"rendered":"http:\/\/dtone.de\/?page_id=32"},"modified":"2018-06-26T18:48:25","modified_gmt":"2018-06-26T18:48:25","slug":"blog","status":"publish","type":"page","link":"https:\/\/dtone.de\/?page_id=32","title":{"rendered":"The Story &#8211; Why ?"},"content":{"rendered":"<h1>About<\/h1>\n<p><img loading=\"lazy\" decoding=\"async\" class=\"size-medium wp-image-187 alignleft\" src=\"http:\/\/dtone.de\/wp-content\/uploads\/2018\/01\/20171203_184528228_iOS-300x300.jpg\" alt=\"\" width=\"300\" height=\"300\" srcset=\"https:\/\/dtone.de\/wp-content\/uploads\/2018\/01\/20171203_184528228_iOS-300x300.jpg 300w, https:\/\/dtone.de\/wp-content\/uploads\/2018\/01\/20171203_184528228_iOS-150x150.jpg 150w, https:\/\/dtone.de\/wp-content\/uploads\/2018\/01\/20171203_184528228_iOS-768x771.jpg 768w, https:\/\/dtone.de\/wp-content\/uploads\/2018\/01\/20171203_184528228_iOS-1020x1024.jpg 1020w, https:\/\/dtone.de\/wp-content\/uploads\/2018\/01\/20171203_184528228_iOS-100x100.jpg 100w, https:\/\/dtone.de\/wp-content\/uploads\/2018\/01\/20171203_184528228_iOS.jpg 1275w\" sizes=\"auto, (max-width: 300px) 100vw, 300px\" \/>Wir schreiben das Jahr 1972. An einem kalten Novembermorgen, die W\u00e4lder, Wiesen und Stra\u00dfen mit Schnee bedeckt, habe ich das Licht der Welt erblickt. Da war ich nun und los ging\u2019s.<\/p>\n<p>Mein Leben verlief bis zum 05.01.2017 wenig spektakul\u00e4r \u2013 ein ganz normales Leben eben. Schule, Ausbildung, Studium, Arbeiten, was ebenso in nahezu 90% aller Lebensl\u00e4ufe steht.<\/p>\n<p>Nichts Spektakul\u00e4res also.<\/p>\n<p>Seit ich 30 Jahre alt bin mache ich &#8211; auf Anraten meiner lieben Mutter &#8211; j\u00e4hrlich ein gro\u00dfes Blutbild.<\/p>\n<p>Aus welchem Grund hat mir meine Mutter das ans Herz gelegt? Richtig \u2013 hier dreht sich\u2019s um Diabetes! Nachdem mein Gro\u00dfvater in den Kriegsjahren (1943) an akutem Insulinmangel verstorben ist hielt sie es einfach f\u00fcr opportun mir diese Empfehlung mit auf meinen weiteren Weg zu geben. Und ich bin ihr daf\u00fcr ziemlich dankbar. An dieser Stelle nochmals herzlichen Dank.<\/p>\n<p>So verstrichen die Jahre \u2013 beruflich ging\u2018s steil nach Oben, ich habe die Welt bereist, war viel unterwegs und ziemlich rastlos. Bewegung und eine ausgewogene Ern\u00e4hrung standen gute 10 Jahre ziemlich weit hinten auf meiner Liste. Fastfood, Bewegungsmangel und viel \u201eMotorsport\u201c auf europ\u00e4ischen Autobahnen standen ganz oben auf der Liste. Die wenigen, kurzen Versuche einer Ver\u00e4nderung sind an dieser Stelle wirklich nicht erw\u00e4hnenswert.<\/p>\n<p>Derweil: jedes Jahr meinen Bluttest \u2013 rein zur Kontrolle \u2013 immer im Dezember.<\/p>\n<p>Bis Dezember 2014 war auch alles im total gr\u00fcnen Bereich \u2013 man ist ja schlie\u00dflich eine Maschine und anders zu erwarten war das ja nicht.<\/p>\n<p>Im Dezember 2014 dann hat der Hba1c den oberen Grenzwert (5,9) tangiert! Aha! Was bedeutet das nun?<\/p>\n<p>Es k\u00f6nnte ein sich entwickelnder Diabetes Typ 2 sein. F\u00fcr Typ 1 bin ich zu alt und f\u00fcr Typ 2 mit ca. 110 kg und meiner Lebensweise der perfekte Wunschkandidat.<\/p>\n<p>Von nun an gilt es umzusetzen: Ausgewogener und gezielt besser ern\u00e4hren, Bewegung und eine Metformin*) Minimaldosis. Dann wird das schon<\/p>\n<p>Passiert ist bis zum Dezember 2015 nichts (weder im Bereich Lebensweise &amp; Bewegung noch beim Hba1C) \u2013 der Hba1C blieb unver\u00e4ndert am oberen Grenzwert.<\/p>\n<p>Na dann, Kurve gekriegt, Gl\u00fcck gehabt. Die 110kg wollen ja schlie\u00dflich befeuert werden. Also munter weiter \u2013 Metformin wird\u2019s schon richten \u2013 denk ich so bei mir wenngleich mich so langsam doch ein Gef\u00fchl der Unsicherheit und auch Reue beschleicht.<\/p>\n<p>Im Juli 2016 erreicht der Hba1C dann 7,5 \u2013 7,5! OK, jetzt wird es wirklich Zeit \u2013 Leben umkrempeln.<\/p>\n<p>Die n\u00e4chsten Schritte waren klar:<\/p>\n<p>&#8211; Steigerung der sportlichen Aktivit\u00e4ten auf ca. 1h pro Woche.<\/p>\n<p>&#8211; Verdopplung der Metformin Dosis<\/p>\n<p>Erste Resultate bereits im Oktober \u2013 holla: die Hosen passen wieder \u2013 von 110 kg auf 88kg. Das allgemeine Wohlbefinden leidet allerdings noch etwas. Das Wohlbefinden beeintr\u00e4chtigen tun im Wesentlichen Anfl\u00fcge von pl\u00f6tzlich auftretender und kurz andauernder M\u00fcdigkeit, Kopfschmerz und \u00e4u\u00dferst kurzzeitigen Fokussierproblemen, die nach sekundenbruchteilen wieder verschwinden.<\/p>\n<p>Der Verlust der Pfunde hat sich bis Dezember auf 79kg fortgesetzt, so dass ich von 110 kg (Juli) auf 79kg (Dezember) gefallen bin. TOP \u2013 gefiel mir gut. Bis auf die gr\u00f6\u00dfere Investition an neuer Kleidung und die Einbu\u00dfen am Wohlbefinden konnte ich damit leben.<\/p>\n<p>Dann, Dezember 2016: Hba1C von <strong>12,5!<\/strong> Das entspricht einem durchschnittlichen Blutzucker in H\u00f6he von ca. <strong>330!!<\/strong> Normal sind 75 bis 95!<\/p>\n<p>Nachdem ich nun so langsam der \u00dcberzeugung war, dass das mit der Umstellung von Ern\u00e4hrung und Sport nicht wieder ins Lot zu bringen war, habe ich mich \u00fcber meinen Hausarzt an einen Diabetologen \u00fcberweisen lassen.<\/p>\n<p>Erste Ma\u00dfnahme: Antik\u00f6rpertest &amp; Langzeitinsulin und direkt ab zur Schulung (ICT).<\/p>\n<p>Diagnose: Diabetes Typ 1 LADA (Sp\u00e4tz\u00fcnder) mit geringer Restproduktion.<\/p>\n<p>Eigene Wahrnehmung: Erleichterung, Freude, neue Ziele \u2013 Ver\u00e4nderung!<\/p>\n<p>Von da an ging\u2018s bergauf \u2013 und zwar so richtig! Nicht nur k\u00f6rperlich, sondern auch mental. Ich hatte das weitere (Lebens)Ziel &#8211;&nbsp; von jetzt auf gleich!<\/p>\n<p>Gesundheitlich ist das Wohlbefinden innerhalb von 2 Wochen zur\u00fcckgekehrt.<\/p>\n<p>Zustand jetzt:<\/p>\n<p>Gewicht 73kg, stabil<\/p>\n<p>Hba1c: zwischen 5,6 \u2013 5,8, stabil<\/p>\n<h1>Warum also DT-ONE-LiveYourLife?<\/h1>\n<p>Weil ich im Laufe meiner beginnenden \u201eKarriere\u201c als \u201eT1D\u2019ler\u201c mich intensiv, quasi im Selbststudium, mit dem Thema Diabetes auseinandergesetzt habe und das Wissen, was mir in der ICT Schulung vermittelt wurde konsequent angewandt als auch im \u201eSelbstversuch\u201c evaluiert und pr\u00e4zisiert habe.<\/p>\n<p>Mit Erfolg \u2013 in jeder Lebenslage!<\/p>\n<p>Meine Lebensweise habe ich *schnipp* von einem Tag auf den anderen komplett umgestellt. Ich habe mich mit modernsten Messmitteln ausgestattet (eigenfinanziert) um meine neue Partnerin in allen Facetten kennen- und interpretieren zu lernen.<\/p>\n<p>Innerhalb dieses, ersten Jahres habe ich in k\u00fcrzester Zeit mein Mind-Set komplett ge\u00e4ndert, diverse Methoden an mir selbst ausprobiert und eigene Methoden entwickelt um uns Beiden (Dia Lena und mir) das Leben zu erm\u00f6glichen was mir vorschwebt \u2013 ohne Einschr\u00e4nkungen.<\/p>\n<p>Daran m\u00f6chte ich teilhaben lassen &#8211; weil ich \u00fcberzeugt bin, dass<\/p>\n<ol>\n<li>es viele Menschen gibt, die damit klar kommen wollen,<\/li>\n<li>sich austauschen wollen und<\/li>\n<li>geh\u00f6rt und verstanden werden wollen<\/li>\n<\/ol>\n<p>Ich m\u00f6chte sensibilisieren f\u00fcr das Thema Diabetes Typ 2, der sich als \u201eWohlstandskrankheit\u201c ausbreitet und Unterst\u00fctzen das Ganze zumindest im Ansatz Einzud\u00e4mmen.<\/p>\n<p>Positives Feedback habe ich von vielen Diabetikern und Nicht-Diabetikern erhalten, die ich im richtigen Leben als auch \u00fcbers Netz der Netze kennengelernt habe.<\/p>\n<p>Damit war meine Passion geboren:<\/p>\n<p>DT-ONE-LiveYourLife! \u2013 Unterst\u00fctze Menschen mit Diabetes \u2013 unabh\u00e4ngig davon ob Typ 1 oder Typ 2 \u2013 ihre Ziele zu erreichen, positiv zu Denken und damit umzugehen. Aufzukl\u00e4ren (Diabetes Typ 2) und ihr Leben zu Leben \u2013 DT-ONE-LiveYourLife was born.<\/p>\n<p>In diesem Sinne &#8211; #Attacke \u2013 es bleibt und wird spannend!<\/p>\n<p>&nbsp;<\/p>\n<p>&nbsp;<\/p>\n<p>&nbsp;<\/p>\n<p>*) Metformin &#8211; ist ein Arzneistoff aus der Gruppe der Biguanide, der in der Regel bei nicht insulinabh\u00e4ngiger Zuckerkrankheit (Diabetes mellitus Typ 2) und insbesondere bei leichtem \u00dcbergewicht (Pr\u00e4adipositas) und krankhaftem \u00dcbergewicht (Adipositas) eingesetzt wird. (Quelle: https:\/\/de.wikipedia.org\/wiki\/Metformin)<\/p>\n<p>&nbsp;<\/p>\n<div class=\"shariff shariff-align-flex-start shariff-widget-align-flex-start\"><ul class=\"shariff-buttons theme-default orientation-horizontal buttonsize-medium\"><li class=\"shariff-button facebook shariff-nocustomcolor\" style=\"background-color:#4273c8\"><a href=\"https:\/\/www.facebook.com\/sharer\/sharer.php?u=https%3A%2F%2Fdtone.de%2F%3Fpage_id%3D32\" title=\"Bei Facebook teilen\" aria-label=\"Bei Facebook teilen\" role=\"button\" rel=\"nofollow\" class=\"shariff-link\" style=\"; background-color:#3b5998; color:#fff\" target=\"_blank\"><span class=\"shariff-icon\" style=\"\"><svg width=\"32px\" height=\"20px\" xmlns=\"http:\/\/www.w3.org\/2000\/svg\" viewBox=\"0 0 18 32\"><path fill=\"#3b5998\" d=\"M17.1 0.2v4.7h-2.8q-1.5 0-2.1 0.6t-0.5 1.9v3.4h5.2l-0.7 5.3h-4.5v13.6h-5.5v-13.6h-4.5v-5.3h4.5v-3.9q0-3.3 1.9-5.2t5-1.8q2.6 0 4.1 0.2z\"\/><\/svg><\/span><span class=\"shariff-text\">teilen<\/span>&nbsp;<\/a><\/li><\/ul><\/div>","protected":false},"excerpt":{"rendered":"<p>About Wir schreiben das Jahr 1972. An einem kalten Novembermorgen, die W\u00e4lder, Wiesen und Stra\u00dfen mit Schnee bedeckt, habe ich das Licht der Welt erblickt. &hellip;<\/p>\n","protected":false},"author":2,"featured_media":0,"parent":0,"menu_order":10,"comment_status":"closed","ping_status":"open","template":"","meta":{"iawp_total_views":52,"footnotes":""},"class_list":["post-32","page","type-page","status-publish","hentry"],"yoast_head":"<!-- This site is optimized with the Yoast SEO plugin v27.3 - https:\/\/yoast.com\/product\/yoast-seo-wordpress\/ -->\n<title>The Story - Why ? - DT-ONE - liveyourlife!<\/title>\n<meta name=\"robots\" content=\"index, follow, max-snippet:-1, max-image-preview:large, max-video-preview:-1\" \/>\n<link rel=\"canonical\" href=\"https:\/\/dtone.de\/?page_id=32\" \/>\n<meta property=\"og:locale\" content=\"de_DE\" \/>\n<meta property=\"og:type\" content=\"article\" \/>\n<meta property=\"og:title\" content=\"The Story - Why ? - DT-ONE - liveyourlife!\" \/>\n<meta property=\"og:description\" content=\"About Wir schreiben das Jahr 1972. An einem kalten Novembermorgen, die W\u00e4lder, Wiesen und Stra\u00dfen mit Schnee bedeckt, habe ich das Licht der Welt erblickt. &hellip;\" \/>\n<meta property=\"og:url\" content=\"https:\/\/dtone.de\/?page_id=32\" \/>\n<meta property=\"og:site_name\" content=\"DT-ONE - liveyourlife!\" \/>\n<meta property=\"article:modified_time\" content=\"2018-06-26T18:48:25+00:00\" \/>\n<meta property=\"og:image\" content=\"https:\/\/dtone.de\/wp-content\/uploads\/2018\/01\/20171203_184528228_iOS.jpg\" \/>\n\t<meta property=\"og:image:width\" content=\"1275\" \/>\n\t<meta property=\"og:image:height\" content=\"1280\" \/>\n\t<meta property=\"og:image:type\" content=\"image\/jpeg\" \/>\n<meta name=\"twitter:card\" content=\"summary_large_image\" \/>\n<meta name=\"twitter:label1\" content=\"Gesch\u00e4tzte Lesezeit\" \/>\n\t<meta name=\"twitter:data1\" content=\"5\u00a0Minuten\" \/>\n<script type=\"application\/ld+json\" class=\"yoast-schema-graph\">{\"@context\":\"https:\\\/\\\/schema.org\",\"@graph\":[{\"@type\":\"WebPage\",\"@id\":\"https:\\\/\\\/dtone.de\\\/?page_id=32\",\"url\":\"https:\\\/\\\/dtone.de\\\/?page_id=32\",\"name\":\"The Story - Why ? - DT-ONE - liveyourlife!\",\"isPartOf\":{\"@id\":\"https:\\\/\\\/dtone.de\\\/#website\"},\"primaryImageOfPage\":{\"@id\":\"https:\\\/\\\/dtone.de\\\/?page_id=32#primaryimage\"},\"image\":{\"@id\":\"https:\\\/\\\/dtone.de\\\/?page_id=32#primaryimage\"},\"thumbnailUrl\":\"http:\\\/\\\/dtone.de\\\/wp-content\\\/uploads\\\/2018\\\/01\\\/20171203_184528228_iOS-300x300.jpg\",\"datePublished\":\"2017-04-22T05:32:23+00:00\",\"dateModified\":\"2018-06-26T18:48:25+00:00\",\"breadcrumb\":{\"@id\":\"https:\\\/\\\/dtone.de\\\/?page_id=32#breadcrumb\"},\"inLanguage\":\"de\",\"potentialAction\":[{\"@type\":\"ReadAction\",\"target\":[\"https:\\\/\\\/dtone.de\\\/?page_id=32\"]}]},{\"@type\":\"ImageObject\",\"inLanguage\":\"de\",\"@id\":\"https:\\\/\\\/dtone.de\\\/?page_id=32#primaryimage\",\"url\":\"https:\\\/\\\/dtone.de\\\/wp-content\\\/uploads\\\/2018\\\/01\\\/20171203_184528228_iOS.jpg\",\"contentUrl\":\"https:\\\/\\\/dtone.de\\\/wp-content\\\/uploads\\\/2018\\\/01\\\/20171203_184528228_iOS.jpg\",\"width\":1275,\"height\":1280},{\"@type\":\"BreadcrumbList\",\"@id\":\"https:\\\/\\\/dtone.de\\\/?page_id=32#breadcrumb\",\"itemListElement\":[{\"@type\":\"ListItem\",\"position\":1,\"name\":\"Start\",\"item\":\"https:\\\/\\\/dtone.de\\\/\"},{\"@type\":\"ListItem\",\"position\":2,\"name\":\"The Story &#8211; Why ?\"}]},{\"@type\":\"WebSite\",\"@id\":\"https:\\\/\\\/dtone.de\\\/#website\",\"url\":\"https:\\\/\\\/dtone.de\\\/\",\"name\":\"DT-ONE - liveyourlife!\",\"description\":\"Life is what it is - it is: YOUR life !\",\"potentialAction\":[{\"@type\":\"SearchAction\",\"target\":{\"@type\":\"EntryPoint\",\"urlTemplate\":\"https:\\\/\\\/dtone.de\\\/?s={search_term_string}\"},\"query-input\":{\"@type\":\"PropertyValueSpecification\",\"valueRequired\":true,\"valueName\":\"search_term_string\"}}],\"inLanguage\":\"de\"}]}<\/script>\n<!-- \/ Yoast SEO plugin. -->","yoast_head_json":{"title":"The Story - Why ? - DT-ONE - liveyourlife!","robots":{"index":"index","follow":"follow","max-snippet":"max-snippet:-1","max-image-preview":"max-image-preview:large","max-video-preview":"max-video-preview:-1"},"canonical":"https:\/\/dtone.de\/?page_id=32","og_locale":"de_DE","og_type":"article","og_title":"The Story - Why ? - DT-ONE - liveyourlife!","og_description":"About Wir schreiben das Jahr 1972. An einem kalten Novembermorgen, die W\u00e4lder, Wiesen und Stra\u00dfen mit Schnee bedeckt, habe ich das Licht der Welt erblickt. &hellip;","og_url":"https:\/\/dtone.de\/?page_id=32","og_site_name":"DT-ONE - liveyourlife!","article_modified_time":"2018-06-26T18:48:25+00:00","og_image":[{"width":1275,"height":1280,"url":"https:\/\/dtone.de\/wp-content\/uploads\/2018\/01\/20171203_184528228_iOS.jpg","type":"image\/jpeg"}],"twitter_card":"summary_large_image","twitter_misc":{"Gesch\u00e4tzte Lesezeit":"5\u00a0Minuten"},"schema":{"@context":"https:\/\/schema.org","@graph":[{"@type":"WebPage","@id":"https:\/\/dtone.de\/?page_id=32","url":"https:\/\/dtone.de\/?page_id=32","name":"The Story - Why ? - DT-ONE - liveyourlife!","isPartOf":{"@id":"https:\/\/dtone.de\/#website"},"primaryImageOfPage":{"@id":"https:\/\/dtone.de\/?page_id=32#primaryimage"},"image":{"@id":"https:\/\/dtone.de\/?page_id=32#primaryimage"},"thumbnailUrl":"http:\/\/dtone.de\/wp-content\/uploads\/2018\/01\/20171203_184528228_iOS-300x300.jpg","datePublished":"2017-04-22T05:32:23+00:00","dateModified":"2018-06-26T18:48:25+00:00","breadcrumb":{"@id":"https:\/\/dtone.de\/?page_id=32#breadcrumb"},"inLanguage":"de","potentialAction":[{"@type":"ReadAction","target":["https:\/\/dtone.de\/?page_id=32"]}]},{"@type":"ImageObject","inLanguage":"de","@id":"https:\/\/dtone.de\/?page_id=32#primaryimage","url":"https:\/\/dtone.de\/wp-content\/uploads\/2018\/01\/20171203_184528228_iOS.jpg","contentUrl":"https:\/\/dtone.de\/wp-content\/uploads\/2018\/01\/20171203_184528228_iOS.jpg","width":1275,"height":1280},{"@type":"BreadcrumbList","@id":"https:\/\/dtone.de\/?page_id=32#breadcrumb","itemListElement":[{"@type":"ListItem","position":1,"name":"Start","item":"https:\/\/dtone.de\/"},{"@type":"ListItem","position":2,"name":"The Story &#8211; Why ?"}]},{"@type":"WebSite","@id":"https:\/\/dtone.de\/#website","url":"https:\/\/dtone.de\/","name":"DT-ONE - liveyourlife!","description":"Life is what it is - it is: YOUR life !","potentialAction":[{"@type":"SearchAction","target":{"@type":"EntryPoint","urlTemplate":"https:\/\/dtone.de\/?s={search_term_string}"},"query-input":{"@type":"PropertyValueSpecification","valueRequired":true,"valueName":"search_term_string"}}],"inLanguage":"de"}]}},"_links":{"self":[{"href":"https:\/\/dtone.de\/index.php?rest_route=\/wp\/v2\/pages\/32","targetHints":{"allow":["GET"]}}],"collection":[{"href":"https:\/\/dtone.de\/index.php?rest_route=\/wp\/v2\/pages"}],"about":[{"href":"https:\/\/dtone.de\/index.php?rest_route=\/wp\/v2\/types\/page"}],"author":[{"embeddable":true,"href":"https:\/\/dtone.de\/index.php?rest_route=\/wp\/v2\/users\/2"}],"replies":[{"embeddable":true,"href":"https:\/\/dtone.de\/index.php?rest_route=%2Fwp%2Fv2%2Fcomments&post=32"}],"version-history":[{"count":10,"href":"https:\/\/dtone.de\/index.php?rest_route=\/wp\/v2\/pages\/32\/revisions"}],"predecessor-version":[{"id":245,"href":"https:\/\/dtone.de\/index.php?rest_route=\/wp\/v2\/pages\/32\/revisions\/245"}],"wp:attachment":[{"href":"https:\/\/dtone.de\/index.php?rest_route=%2Fwp%2Fv2%2Fmedia&parent=32"}],"curies":[{"name":"wp","href":"https:\/\/api.w.org\/{rel}","templated":true}]}}