{"id":5,"date":"2017-04-13T19:34:42","date_gmt":"2017-04-13T19:34:42","guid":{"rendered":"http:\/\/dtone.de\/?page_id=5"},"modified":"2018-06-26T18:45:18","modified_gmt":"2018-06-26T18:45:18","slug":"dtone-de-why","status":"publish","type":"page","link":"https:\/\/dtone.de\/","title":{"rendered":"@DTONE.de &#8211; LiveYourLife! because you are a superstar!"},"content":{"rendered":"<p style=\"text-align: center;\">Du hast bereits alles erreicht, Du bist gl\u00fccklich, Du bist zufrieden, es k\u00f6nnte nicht besser laufen ?<\/p>\n<p style=\"text-align: center;\">Falls dem so ist bist Du genau richtig &#8211; andernfalls: bist Du erst recht richtig !<\/p>\n<p style=\"text-align: center;\"><strong>DT-ONE &#8211; liveyourlife<\/strong> &#8211; ver\u00e4ndert Dein Leben, unterst\u00fctzt was sowieso in Dir ist und ist am Ende einfach nur Deine pure Lebensqualit\u00e4t, Dein Erfolg und Deine pers\u00f6nliche Challenge !<\/p>\n<p><img loading=\"lazy\" decoding=\"async\" class=\"aligncenter wp-image-76 size-large\" src=\"http:\/\/dtone.de\/wp-content\/uploads\/2017\/04\/Logo_1_3D_png-1024x683.png\" alt=\"#dtone - live your life - much harder than others can do!\" width=\"1024\" height=\"683\" srcset=\"https:\/\/dtone.de\/wp-content\/uploads\/2017\/04\/Logo_1_3D_png-1024x683.png 1024w, https:\/\/dtone.de\/wp-content\/uploads\/2017\/04\/Logo_1_3D_png-300x200.png 300w, https:\/\/dtone.de\/wp-content\/uploads\/2017\/04\/Logo_1_3D_png-768x512.png 768w, https:\/\/dtone.de\/wp-content\/uploads\/2017\/04\/Logo_1_3D_png-830x553.png 830w, https:\/\/dtone.de\/wp-content\/uploads\/2017\/04\/Logo_1_3D_png-230x153.png 230w, https:\/\/dtone.de\/wp-content\/uploads\/2017\/04\/Logo_1_3D_png-350x233.png 350w, https:\/\/dtone.de\/wp-content\/uploads\/2017\/04\/Logo_1_3D_png-480x320.png 480w, https:\/\/dtone.de\/wp-content\/uploads\/2017\/04\/Logo_1_3D_png.png 1800w\" sizes=\"auto, (max-width: 1024px) 100vw, 1024px\" \/><\/p>\n<p><em>DT-ONE &#8211; liveyourlife<\/em> ist die Art zu Leben, die den meisten Menschen &#8211; bedingt durch die Natur der Sache &#8211; zun\u00e4chst eher etwas esoterisch anzumuten scheint. Ist es aber definitiv nicht.<\/p>\n<p>DT-ONE steht f\u00fcr oder ist auch bekannt unter den Begriffen:<\/p>\n<ul>\n<li>dt1<\/li>\n<li>td1 oder auch<\/li>\n<li>Diabetes Typ 1<\/li>\n<\/ul>\n<p>Weil <em>DT-ONE<\/em> Dein Leben entscheidend pr\u00e4gen wird und pr\u00e4gt ist es an der Zeit, dass Du es einfach akzeptierst und das tust um das zu erreichen was Du erreichen willst !<\/p>\n<p>Deshalb unterst\u00fctzt <em>DT-ONE &#8211; liveyourlife<\/em> Dich auf Deiner Challenge mit:<\/p>\n<ul>\n<li>Techniken<\/li>\n<li>Denkmodelle(n)<\/li>\n<li>L\u00f6sungen<\/li>\n<li>Aktionen und<\/li>\n<li>Know How<\/li>\n<\/ul>\n<p>f\u00fcr Menschen, von Menschen, die mehr wollen als nur zufrieden zu sein &#8211; die ihr Leben leben und weiter kommen wollen.<\/p>\n<p>Warum das Ganze ? The Story &#8211; liest Du <a href=\"http:\/\/dtone.de\/?page_id=32\">hier: The Story \/ Why<\/a><\/p>\n<p>Weil Dich interessiert was so passiert ? liest Du: <a href=\"http:\/\/dtone.de\/?page_id=45\">hier: News \/ Blog<\/a><\/p>\n<p>Weil Du wissen willst ob f\u00fcr Dich was dabei ist ? liest Du <a href=\"http:\/\/dtone.de\/?page_id=68\">hier: Projekte<\/a><\/p>\n<p>Weil Du an Events teilnehmen und weiterkommen willst ? liest Du: <a href=\"http:\/\/dtone.de\/?page_id=52\">hier: Events &#8211; DT-ONE &#8211; liveyoulife<\/a><\/p>\n<div class=\"shariff shariff-align-flex-start shariff-widget-align-flex-start\"><ul class=\"shariff-buttons theme-default orientation-horizontal buttonsize-medium\"><li class=\"shariff-button facebook shariff-nocustomcolor\" style=\"background-color:#4273c8\"><a href=\"https:\/\/www.facebook.com\/sharer\/sharer.php?u=https%3A%2F%2Fdtone.de%2F\" title=\"Bei Facebook teilen\" aria-label=\"Bei Facebook teilen\" role=\"button\" rel=\"nofollow\" class=\"shariff-link\" style=\"; background-color:#3b5998; color:#fff\" target=\"_blank\"><span class=\"shariff-icon\" style=\"\"><svg width=\"32px\" height=\"20px\" xmlns=\"http:\/\/www.w3.org\/2000\/svg\" viewBox=\"0 0 18 32\"><path fill=\"#3b5998\" d=\"M17.1 0.2v4.7h-2.8q-1.5 0-2.1 0.6t-0.5 1.9v3.4h5.2l-0.7 5.3h-4.5v13.6h-5.5v-13.6h-4.5v-5.3h4.5v-3.9q0-3.3 1.9-5.2t5-1.8q2.6 0 4.1 0.2z\"\/><\/svg><\/span><span class=\"shariff-text\">teilen<\/span>&nbsp;<\/a><\/li><\/ul><\/div>","protected":false},"excerpt":{"rendered":"<p>Du hast bereits alles erreicht, Du bist gl\u00fccklich, Du bist zufrieden, es k\u00f6nnte nicht besser laufen ? Falls dem so ist bist Du genau richtig &hellip;<\/p>\n","protected":false},"author":2,"featured_media":0,"parent":0,"menu_order":0,"comment_status":"closed","ping_status":"open","template":"","meta":{"iawp_total_views":190,"footnotes":""},"class_list":["post-5","page","type-page","status-publish","hentry"],"yoast_head":"<!-- This site is optimized with the Yoast SEO plugin v27.3 - https:\/\/yoast.com\/product\/yoast-seo-wordpress\/ -->\n<title>@DTONE.de - LiveYourLife! because you are a superstar! - DT-ONE - liveyourlife!<\/title>\n<meta name=\"robots\" content=\"index, follow, max-snippet:-1, max-image-preview:large, max-video-preview:-1\" \/>\n<link rel=\"canonical\" href=\"https:\/\/dtone.de\/\" \/>\n<meta property=\"og:locale\" content=\"de_DE\" \/>\n<meta property=\"og:type\" content=\"article\" \/>\n<meta property=\"og:title\" content=\"@DTONE.de - LiveYourLife! because you are a superstar! - DT-ONE - liveyourlife!\" \/>\n<meta property=\"og:description\" content=\"Du hast bereits alles erreicht, Du bist gl\u00fccklich, Du bist zufrieden, es k\u00f6nnte nicht besser laufen ? Falls dem so ist bist Du genau richtig &hellip;\" \/>\n<meta property=\"og:url\" content=\"https:\/\/dtone.de\/\" \/>\n<meta property=\"og:site_name\" content=\"DT-ONE - liveyourlife!\" \/>\n<meta property=\"article:modified_time\" content=\"2018-06-26T18:45:18+00:00\" \/>\n<meta property=\"og:image\" content=\"https:\/\/dtone.de\/wp-content\/uploads\/2017\/04\/Logo_1_3D_png.png\" \/>\n\t<meta property=\"og:image:width\" content=\"1800\" \/>\n\t<meta property=\"og:image:height\" content=\"1200\" \/>\n\t<meta property=\"og:image:type\" content=\"image\/png\" \/>\n<meta name=\"twitter:card\" content=\"summary_large_image\" \/>\n<meta name=\"twitter:label1\" content=\"Gesch\u00e4tzte Lesezeit\" \/>\n\t<meta name=\"twitter:data1\" content=\"1\u00a0Minute\" \/>\n<script type=\"application\/ld+json\" class=\"yoast-schema-graph\">{\"@context\":\"https:\\\/\\\/schema.org\",\"@graph\":[{\"@type\":\"WebPage\",\"@id\":\"https:\\\/\\\/dtone.de\\\/\",\"url\":\"https:\\\/\\\/dtone.de\\\/\",\"name\":\"@DTONE.de - LiveYourLife! because you are a superstar! - DT-ONE - liveyourlife!\",\"isPartOf\":{\"@id\":\"https:\\\/\\\/dtone.de\\\/#website\"},\"primaryImageOfPage\":{\"@id\":\"https:\\\/\\\/dtone.de\\\/#primaryimage\"},\"image\":{\"@id\":\"https:\\\/\\\/dtone.de\\\/#primaryimage\"},\"thumbnailUrl\":\"http:\\\/\\\/dtone.de\\\/wp-content\\\/uploads\\\/2017\\\/04\\\/Logo_1_3D_png-1024x683.png\",\"datePublished\":\"2017-04-13T19:34:42+00:00\",\"dateModified\":\"2018-06-26T18:45:18+00:00\",\"breadcrumb\":{\"@id\":\"https:\\\/\\\/dtone.de\\\/#breadcrumb\"},\"inLanguage\":\"de\",\"potentialAction\":[{\"@type\":\"ReadAction\",\"target\":[\"https:\\\/\\\/dtone.de\\\/\"]}]},{\"@type\":\"ImageObject\",\"inLanguage\":\"de\",\"@id\":\"https:\\\/\\\/dtone.de\\\/#primaryimage\",\"url\":\"https:\\\/\\\/dtone.de\\\/wp-content\\\/uploads\\\/2017\\\/04\\\/Logo_1_3D_png.png\",\"contentUrl\":\"https:\\\/\\\/dtone.de\\\/wp-content\\\/uploads\\\/2017\\\/04\\\/Logo_1_3D_png.png\",\"width\":1800,\"height\":1200,\"caption\":\"#dtone - live your life - much harder than others can do!\"},{\"@type\":\"BreadcrumbList\",\"@id\":\"https:\\\/\\\/dtone.de\\\/#breadcrumb\",\"itemListElement\":[{\"@type\":\"ListItem\",\"position\":1,\"name\":\"Start\",\"item\":\"https:\\\/\\\/dtone.de\\\/\"},{\"@type\":\"ListItem\",\"position\":2,\"name\":\"@DTONE.de &#8211; LiveYourLife! because you are a superstar!\"}]},{\"@type\":\"WebSite\",\"@id\":\"https:\\\/\\\/dtone.de\\\/#website\",\"url\":\"https:\\\/\\\/dtone.de\\\/\",\"name\":\"DT-ONE - liveyourlife!\",\"description\":\"Life is what it is - it is: YOUR life !\",\"potentialAction\":[{\"@type\":\"SearchAction\",\"target\":{\"@type\":\"EntryPoint\",\"urlTemplate\":\"https:\\\/\\\/dtone.de\\\/?s={search_term_string}\"},\"query-input\":{\"@type\":\"PropertyValueSpecification\",\"valueRequired\":true,\"valueName\":\"search_term_string\"}}],\"inLanguage\":\"de\"}]}<\/script>\n<!-- \/ Yoast SEO plugin. -->","yoast_head_json":{"title":"@DTONE.de - LiveYourLife! because you are a superstar! - DT-ONE - liveyourlife!","robots":{"index":"index","follow":"follow","max-snippet":"max-snippet:-1","max-image-preview":"max-image-preview:large","max-video-preview":"max-video-preview:-1"},"canonical":"https:\/\/dtone.de\/","og_locale":"de_DE","og_type":"article","og_title":"@DTONE.de - LiveYourLife! because you are a superstar! - DT-ONE - liveyourlife!","og_description":"Du hast bereits alles erreicht, Du bist gl\u00fccklich, Du bist zufrieden, es k\u00f6nnte nicht besser laufen ? Falls dem so ist bist Du genau richtig &hellip;","og_url":"https:\/\/dtone.de\/","og_site_name":"DT-ONE - liveyourlife!","article_modified_time":"2018-06-26T18:45:18+00:00","og_image":[{"width":1800,"height":1200,"url":"https:\/\/dtone.de\/wp-content\/uploads\/2017\/04\/Logo_1_3D_png.png","type":"image\/png"}],"twitter_card":"summary_large_image","twitter_misc":{"Gesch\u00e4tzte Lesezeit":"1\u00a0Minute"},"schema":{"@context":"https:\/\/schema.org","@graph":[{"@type":"WebPage","@id":"https:\/\/dtone.de\/","url":"https:\/\/dtone.de\/","name":"@DTONE.de - LiveYourLife! because you are a superstar! - DT-ONE - liveyourlife!","isPartOf":{"@id":"https:\/\/dtone.de\/#website"},"primaryImageOfPage":{"@id":"https:\/\/dtone.de\/#primaryimage"},"image":{"@id":"https:\/\/dtone.de\/#primaryimage"},"thumbnailUrl":"http:\/\/dtone.de\/wp-content\/uploads\/2017\/04\/Logo_1_3D_png-1024x683.png","datePublished":"2017-04-13T19:34:42+00:00","dateModified":"2018-06-26T18:45:18+00:00","breadcrumb":{"@id":"https:\/\/dtone.de\/#breadcrumb"},"inLanguage":"de","potentialAction":[{"@type":"ReadAction","target":["https:\/\/dtone.de\/"]}]},{"@type":"ImageObject","inLanguage":"de","@id":"https:\/\/dtone.de\/#primaryimage","url":"https:\/\/dtone.de\/wp-content\/uploads\/2017\/04\/Logo_1_3D_png.png","contentUrl":"https:\/\/dtone.de\/wp-content\/uploads\/2017\/04\/Logo_1_3D_png.png","width":1800,"height":1200,"caption":"#dtone - live your life - much harder than others can do!"},{"@type":"BreadcrumbList","@id":"https:\/\/dtone.de\/#breadcrumb","itemListElement":[{"@type":"ListItem","position":1,"name":"Start","item":"https:\/\/dtone.de\/"},{"@type":"ListItem","position":2,"name":"@DTONE.de &#8211; LiveYourLife! because you are a superstar!"}]},{"@type":"WebSite","@id":"https:\/\/dtone.de\/#website","url":"https:\/\/dtone.de\/","name":"DT-ONE - liveyourlife!","description":"Life is what it is - it is: YOUR life !","potentialAction":[{"@type":"SearchAction","target":{"@type":"EntryPoint","urlTemplate":"https:\/\/dtone.de\/?s={search_term_string}"},"query-input":{"@type":"PropertyValueSpecification","valueRequired":true,"valueName":"search_term_string"}}],"inLanguage":"de"}]}},"_links":{"self":[{"href":"https:\/\/dtone.de\/index.php?rest_route=\/wp\/v2\/pages\/5","targetHints":{"allow":["GET"]}}],"collection":[{"href":"https:\/\/dtone.de\/index.php?rest_route=\/wp\/v2\/pages"}],"about":[{"href":"https:\/\/dtone.de\/index.php?rest_route=\/wp\/v2\/types\/page"}],"author":[{"embeddable":true,"href":"https:\/\/dtone.de\/index.php?rest_route=\/wp\/v2\/users\/2"}],"replies":[{"embeddable":true,"href":"https:\/\/dtone.de\/index.php?rest_route=%2Fwp%2Fv2%2Fcomments&post=5"}],"version-history":[{"count":27,"href":"https:\/\/dtone.de\/index.php?rest_route=\/wp\/v2\/pages\/5\/revisions"}],"predecessor-version":[{"id":244,"href":"https:\/\/dtone.de\/index.php?rest_route=\/wp\/v2\/pages\/5\/revisions\/244"}],"wp:attachment":[{"href":"https:\/\/dtone.de\/index.php?rest_route=%2Fwp%2Fv2%2Fmedia&parent=5"}],"curies":[{"name":"wp","href":"https:\/\/api.w.org\/{rel}","templated":true}]}}